{"id":1107,"date":"2020-05-30T17:12:06","date_gmt":"2020-05-30T15:12:06","guid":{"rendered":"http:\/\/modlocmbtp.fr\/wp\/?page_id=1107"},"modified":"2026-03-10T10:55:57","modified_gmt":"2026-03-10T09:55:57","slug":"batiment","status":"publish","type":"page","link":"https:\/\/modlocmbtp.fr\/wp\/location\/batiment\/","title":{"rendered":"B\u00e2timent"},"content":{"rendered":"\n<div class=\"wp-block-media-text alignwide is-stacked-on-mobile\" style=\"grid-template-columns:18% auto\"><figure class=\"wp-block-media-text__media\"><img loading=\"lazy\" decoding=\"async\" width=\"599\" height=\"512\" src=\"https:\/\/modlocmbtp.fr\/wp\/wp-content\/uploads\/2020\/05\/betonniere.png\" alt=\"\" class=\"wp-image-924 size-full\" srcset=\"https:\/\/modlocmbtp.fr\/wp\/wp-content\/uploads\/2020\/05\/betonniere.png 599w, https:\/\/modlocmbtp.fr\/wp\/wp-content\/uploads\/2020\/05\/betonniere-300x256.png 300w\" sizes=\"auto, (max-width: 599px) 100vw, 599px\" \/><\/figure><div class=\"wp-block-media-text__content\">\n<h2 class=\"wp-block-heading\"><a href=\"https:\/\/modlocmbtp.fr\/wp\/location\/batiment\/betonnieres\/\">B\u00e9tonni\u00e8res<\/a><\/h2>\n<\/div><\/div>\n\n\n\n<div class=\"wp-block-media-text alignwide is-stacked-on-mobile\" style=\"grid-template-columns:18% auto\"><figure class=\"wp-block-media-text__media\"><img loading=\"lazy\" decoding=\"async\" width=\"599\" height=\"512\" src=\"https:\/\/modlocmbtp.fr\/wp\/wp-content\/uploads\/2020\/05\/aiguille50.png\" alt=\"\" class=\"wp-image-936 size-full\" srcset=\"https:\/\/modlocmbtp.fr\/wp\/wp-content\/uploads\/2020\/05\/aiguille50.png 599w, https:\/\/modlocmbtp.fr\/wp\/wp-content\/uploads\/2020\/05\/aiguille50-300x256.png 300w\" sizes=\"auto, (max-width: 599px) 100vw, 599px\" \/><\/figure><div class=\"wp-block-media-text__content\">\n<h2 class=\"wp-block-heading\"><a href=\"https:\/\/modlocmbtp.fr\/wp\/location\/batiment\/aiguilles-vibrantes\/\">Aiguilles vibrantes<\/a><\/h2>\n<\/div><\/div>\n\n\n\n<div class=\"wp-block-buttons is-content-justification-center is-layout-flex wp-container-core-buttons-is-layout-16018d1d wp-block-buttons-is-layout-flex\">\n<div class=\"wp-block-button is-style-outline is-style-outline--2\"><a class=\"wp-block-button__link has-accent-color has-background-background-color has-text-color has-background has-link-color wp-element-button\" href=\"https:\/\/modlocmbtp.fr\/wp\/location\/\" style=\"border-top-left-radius:0px;border-top-right-radius:0px;border-bottom-left-radius:0px;border-bottom-right-radius:0px\">Revenir \u00e0 la location<\/a><\/div>\n<\/div>\n","protected":false},"excerpt":{"rendered":"<p>B\u00e9tonni\u00e8res Aiguilles vibrantes<\/p>\n","protected":false},"author":1,"featured_media":1039,"parent":713,"menu_order":0,"comment_status":"closed","ping_status":"closed","template":"templates\/template-full-width.php","meta":{"_uag_custom_page_level_css":"","footnotes":""},"class_list":["post-1107","page","type-page","status-publish","has-post-thumbnail","hentry"],"yoast_head":"<!-- This site is optimized with the Yoast SEO plugin v27.6 - https:\/\/yoast.com\/product\/yoast-seo-wordpress\/ -->\n<title>B\u00e2timent - Modloc MBTP<\/title>\n<meta name=\"robots\" content=\"index, follow, max-snippet:-1, max-image-preview:large, max-video-preview:-1\" \/>\n<link rel=\"canonical\" href=\"https:\/\/modlocmbtp.fr\/wp\/location\/batiment\/\" \/>\n<meta property=\"og:locale\" content=\"fr_FR\" \/>\n<meta property=\"og:type\" content=\"article\" \/>\n<meta property=\"og:title\" content=\"B\u00e2timent - Modloc MBTP\" \/>\n<meta property=\"og:description\" content=\"B\u00e9tonni\u00e8res Aiguilles vibrantes\" \/>\n<meta property=\"og:url\" content=\"https:\/\/modlocmbtp.fr\/wp\/location\/batiment\/\" \/>\n<meta property=\"og:site_name\" content=\"Modloc MBTP\" \/>\n<meta property=\"article:modified_time\" content=\"2026-03-10T09:55:57+00:00\" \/>\n<meta property=\"og:image\" content=\"https:\/\/modlocmbtp.fr\/wp\/wp-content\/uploads\/2020\/05\/boutonBetonniere.png\" \/>\n\t<meta property=\"og:image:width\" content=\"250\" \/>\n\t<meta property=\"og:image:height\" content=\"250\" \/>\n\t<meta property=\"og:image:type\" content=\"image\/png\" \/>\n<meta name=\"twitter:card\" content=\"summary_large_image\" \/>\n<meta name=\"twitter:label1\" content=\"Dur\u00e9e de lecture estim\u00e9e\" \/>\n\t<meta name=\"twitter:data1\" content=\"1 minute\" \/>\n<script type=\"application\/ld+json\" class=\"yoast-schema-graph\">{\"@context\":\"https:\\\/\\\/schema.org\",\"@graph\":[{\"@type\":\"WebPage\",\"@id\":\"https:\\\/\\\/modlocmbtp.fr\\\/wp\\\/location\\\/batiment\\\/\",\"url\":\"https:\\\/\\\/modlocmbtp.fr\\\/wp\\\/location\\\/batiment\\\/\",\"name\":\"B\u00e2timent - Modloc MBTP\",\"isPartOf\":{\"@id\":\"https:\\\/\\\/modlocmbtp.fr\\\/wp\\\/#website\"},\"primaryImageOfPage\":{\"@id\":\"https:\\\/\\\/modlocmbtp.fr\\\/wp\\\/location\\\/batiment\\\/#primaryimage\"},\"image\":{\"@id\":\"https:\\\/\\\/modlocmbtp.fr\\\/wp\\\/location\\\/batiment\\\/#primaryimage\"},\"thumbnailUrl\":\"https:\\\/\\\/modlocmbtp.fr\\\/wp\\\/wp-content\\\/uploads\\\/2020\\\/05\\\/boutonBetonniere.png\",\"datePublished\":\"2020-05-30T15:12:06+00:00\",\"dateModified\":\"2026-03-10T09:55:57+00:00\",\"breadcrumb\":{\"@id\":\"https:\\\/\\\/modlocmbtp.fr\\\/wp\\\/location\\\/batiment\\\/#breadcrumb\"},\"inLanguage\":\"fr-FR\",\"potentialAction\":[{\"@type\":\"ReadAction\",\"target\":[\"https:\\\/\\\/modlocmbtp.fr\\\/wp\\\/location\\\/batiment\\\/\"]}]},{\"@type\":\"ImageObject\",\"inLanguage\":\"fr-FR\",\"@id\":\"https:\\\/\\\/modlocmbtp.fr\\\/wp\\\/location\\\/batiment\\\/#primaryimage\",\"url\":\"https:\\\/\\\/modlocmbtp.fr\\\/wp\\\/wp-content\\\/uploads\\\/2020\\\/05\\\/boutonBetonniere.png\",\"contentUrl\":\"https:\\\/\\\/modlocmbtp.fr\\\/wp\\\/wp-content\\\/uploads\\\/2020\\\/05\\\/boutonBetonniere.png\",\"width\":250,\"height\":250},{\"@type\":\"BreadcrumbList\",\"@id\":\"https:\\\/\\\/modlocmbtp.fr\\\/wp\\\/location\\\/batiment\\\/#breadcrumb\",\"itemListElement\":[{\"@type\":\"ListItem\",\"position\":1,\"name\":\"Accueil\",\"item\":\"https:\\\/\\\/modlocmbtp.fr\\\/wp\\\/\"},{\"@type\":\"ListItem\",\"position\":2,\"name\":\"Notre offre de location\",\"item\":\"https:\\\/\\\/modlocmbtp.fr\\\/wp\\\/location\\\/\"},{\"@type\":\"ListItem\",\"position\":3,\"name\":\"B\u00e2timent\"}]},{\"@type\":\"WebSite\",\"@id\":\"https:\\\/\\\/modlocmbtp.fr\\\/wp\\\/#website\",\"url\":\"https:\\\/\\\/modlocmbtp.fr\\\/wp\\\/\",\"name\":\"Modloc MBTP\",\"description\":\"Le professionnel de la location depuis 1962\",\"publisher\":{\"@id\":\"https:\\\/\\\/modlocmbtp.fr\\\/wp\\\/#organization\"},\"potentialAction\":[{\"@type\":\"SearchAction\",\"target\":{\"@type\":\"EntryPoint\",\"urlTemplate\":\"https:\\\/\\\/modlocmbtp.fr\\\/wp\\\/?s={search_term_string}\"},\"query-input\":{\"@type\":\"PropertyValueSpecification\",\"valueRequired\":true,\"valueName\":\"search_term_string\"}}],\"inLanguage\":\"fr-FR\"},{\"@type\":\"Organization\",\"@id\":\"https:\\\/\\\/modlocmbtp.fr\\\/wp\\\/#organization\",\"name\":\"MODLOC MBTP\",\"url\":\"https:\\\/\\\/modlocmbtp.fr\\\/wp\\\/\",\"logo\":{\"@type\":\"ImageObject\",\"inLanguage\":\"fr-FR\",\"@id\":\"https:\\\/\\\/modlocmbtp.fr\\\/wp\\\/#\\\/schema\\\/logo\\\/image\\\/\",\"url\":\"https:\\\/\\\/modlocmbtp.fr\\\/wp\\\/wp-content\\\/uploads\\\/2020\\\/05\\\/tamponVector_600-1.png\",\"contentUrl\":\"https:\\\/\\\/modlocmbtp.fr\\\/wp\\\/wp-content\\\/uploads\\\/2020\\\/05\\\/tamponVector_600-1.png\",\"width\":600,\"height\":600,\"caption\":\"MODLOC MBTP\"},\"image\":{\"@id\":\"https:\\\/\\\/modlocmbtp.fr\\\/wp\\\/#\\\/schema\\\/logo\\\/image\\\/\"}}]}<\/script>\n<!-- \/ Yoast SEO plugin. -->","yoast_head_json":{"title":"B\u00e2timent - Modloc MBTP","robots":{"index":"index","follow":"follow","max-snippet":"max-snippet:-1","max-image-preview":"max-image-preview:large","max-video-preview":"max-video-preview:-1"},"canonical":"https:\/\/modlocmbtp.fr\/wp\/location\/batiment\/","og_locale":"fr_FR","og_type":"article","og_title":"B\u00e2timent - Modloc MBTP","og_description":"B\u00e9tonni\u00e8res Aiguilles vibrantes","og_url":"https:\/\/modlocmbtp.fr\/wp\/location\/batiment\/","og_site_name":"Modloc MBTP","article_modified_time":"2026-03-10T09:55:57+00:00","og_image":[{"width":250,"height":250,"url":"https:\/\/modlocmbtp.fr\/wp\/wp-content\/uploads\/2020\/05\/boutonBetonniere.png","type":"image\/png"}],"twitter_card":"summary_large_image","twitter_misc":{"Dur\u00e9e de lecture estim\u00e9e":"1 minute"},"schema":{"@context":"https:\/\/schema.org","@graph":[{"@type":"WebPage","@id":"https:\/\/modlocmbtp.fr\/wp\/location\/batiment\/","url":"https:\/\/modlocmbtp.fr\/wp\/location\/batiment\/","name":"B\u00e2timent - Modloc MBTP","isPartOf":{"@id":"https:\/\/modlocmbtp.fr\/wp\/#website"},"primaryImageOfPage":{"@id":"https:\/\/modlocmbtp.fr\/wp\/location\/batiment\/#primaryimage"},"image":{"@id":"https:\/\/modlocmbtp.fr\/wp\/location\/batiment\/#primaryimage"},"thumbnailUrl":"https:\/\/modlocmbtp.fr\/wp\/wp-content\/uploads\/2020\/05\/boutonBetonniere.png","datePublished":"2020-05-30T15:12:06+00:00","dateModified":"2026-03-10T09:55:57+00:00","breadcrumb":{"@id":"https:\/\/modlocmbtp.fr\/wp\/location\/batiment\/#breadcrumb"},"inLanguage":"fr-FR","potentialAction":[{"@type":"ReadAction","target":["https:\/\/modlocmbtp.fr\/wp\/location\/batiment\/"]}]},{"@type":"ImageObject","inLanguage":"fr-FR","@id":"https:\/\/modlocmbtp.fr\/wp\/location\/batiment\/#primaryimage","url":"https:\/\/modlocmbtp.fr\/wp\/wp-content\/uploads\/2020\/05\/boutonBetonniere.png","contentUrl":"https:\/\/modlocmbtp.fr\/wp\/wp-content\/uploads\/2020\/05\/boutonBetonniere.png","width":250,"height":250},{"@type":"BreadcrumbList","@id":"https:\/\/modlocmbtp.fr\/wp\/location\/batiment\/#breadcrumb","itemListElement":[{"@type":"ListItem","position":1,"name":"Accueil","item":"https:\/\/modlocmbtp.fr\/wp\/"},{"@type":"ListItem","position":2,"name":"Notre offre de location","item":"https:\/\/modlocmbtp.fr\/wp\/location\/"},{"@type":"ListItem","position":3,"name":"B\u00e2timent"}]},{"@type":"WebSite","@id":"https:\/\/modlocmbtp.fr\/wp\/#website","url":"https:\/\/modlocmbtp.fr\/wp\/","name":"Modloc MBTP","description":"Le professionnel de la location depuis 1962","publisher":{"@id":"https:\/\/modlocmbtp.fr\/wp\/#organization"},"potentialAction":[{"@type":"SearchAction","target":{"@type":"EntryPoint","urlTemplate":"https:\/\/modlocmbtp.fr\/wp\/?s={search_term_string}"},"query-input":{"@type":"PropertyValueSpecification","valueRequired":true,"valueName":"search_term_string"}}],"inLanguage":"fr-FR"},{"@type":"Organization","@id":"https:\/\/modlocmbtp.fr\/wp\/#organization","name":"MODLOC MBTP","url":"https:\/\/modlocmbtp.fr\/wp\/","logo":{"@type":"ImageObject","inLanguage":"fr-FR","@id":"https:\/\/modlocmbtp.fr\/wp\/#\/schema\/logo\/image\/","url":"https:\/\/modlocmbtp.fr\/wp\/wp-content\/uploads\/2020\/05\/tamponVector_600-1.png","contentUrl":"https:\/\/modlocmbtp.fr\/wp\/wp-content\/uploads\/2020\/05\/tamponVector_600-1.png","width":600,"height":600,"caption":"MODLOC MBTP"},"image":{"@id":"https:\/\/modlocmbtp.fr\/wp\/#\/schema\/logo\/image\/"}}]}},"uagb_featured_image_src":{"full":["https:\/\/modlocmbtp.fr\/wp\/wp-content\/uploads\/2020\/05\/boutonBetonniere.png",250,250,false],"thumbnail":["https:\/\/modlocmbtp.fr\/wp\/wp-content\/uploads\/2020\/05\/boutonBetonniere-150x150.png",150,150,true],"medium":["https:\/\/modlocmbtp.fr\/wp\/wp-content\/uploads\/2020\/05\/boutonBetonniere.png",250,250,false],"medium_large":["https:\/\/modlocmbtp.fr\/wp\/wp-content\/uploads\/2020\/05\/boutonBetonniere.png",250,250,false],"large":["https:\/\/modlocmbtp.fr\/wp\/wp-content\/uploads\/2020\/05\/boutonBetonniere.png",250,250,false],"1536x1536":["https:\/\/modlocmbtp.fr\/wp\/wp-content\/uploads\/2020\/05\/boutonBetonniere.png",250,250,false],"2048x2048":["https:\/\/modlocmbtp.fr\/wp\/wp-content\/uploads\/2020\/05\/boutonBetonniere.png",250,250,false],"post-thumbnail":["https:\/\/modlocmbtp.fr\/wp\/wp-content\/uploads\/2020\/05\/boutonBetonniere.png",250,250,false],"twentytwenty-fullscreen":["https:\/\/modlocmbtp.fr\/wp\/wp-content\/uploads\/2020\/05\/boutonBetonniere.png",250,250,false]},"uagb_author_info":{"display_name":"MODLOC MBTP","author_link":"https:\/\/modlocmbtp.fr\/wp\/author\/modloc\/"},"uagb_comment_info":0,"uagb_excerpt":"B\u00e9tonni\u00e8res Aiguilles vibrantes","_links":{"self":[{"href":"https:\/\/modlocmbtp.fr\/wp\/wp-json\/wp\/v2\/pages\/1107","targetHints":{"allow":["GET"]}}],"collection":[{"href":"https:\/\/modlocmbtp.fr\/wp\/wp-json\/wp\/v2\/pages"}],"about":[{"href":"https:\/\/modlocmbtp.fr\/wp\/wp-json\/wp\/v2\/types\/page"}],"author":[{"embeddable":true,"href":"https:\/\/modlocmbtp.fr\/wp\/wp-json\/wp\/v2\/users\/1"}],"replies":[{"embeddable":true,"href":"https:\/\/modlocmbtp.fr\/wp\/wp-json\/wp\/v2\/comments?post=1107"}],"version-history":[{"count":4,"href":"https:\/\/modlocmbtp.fr\/wp\/wp-json\/wp\/v2\/pages\/1107\/revisions"}],"predecessor-version":[{"id":2097,"href":"https:\/\/modlocmbtp.fr\/wp\/wp-json\/wp\/v2\/pages\/1107\/revisions\/2097"}],"up":[{"embeddable":true,"href":"https:\/\/modlocmbtp.fr\/wp\/wp-json\/wp\/v2\/pages\/713"}],"wp:featuredmedia":[{"embeddable":true,"href":"https:\/\/modlocmbtp.fr\/wp\/wp-json\/wp\/v2\/media\/1039"}],"wp:attachment":[{"href":"https:\/\/modlocmbtp.fr\/wp\/wp-json\/wp\/v2\/media?parent=1107"}],"curies":[{"name":"wp","href":"https:\/\/api.w.org\/{rel}","templated":true}]}}